{"id":465,"date":"2022-05-07T05:10:38","date_gmt":"2022-05-07T05:10:38","guid":{"rendered":"http:\/\/www.juliasminimals.com\/?page_id=465"},"modified":"2025-08-14T14:31:22","modified_gmt":"2025-08-14T14:31:22","slug":"faq","status":"publish","type":"page","link":"https:\/\/www.juliasminimals.com\/de\/gutenberg-home\/faq\/","title":{"rendered":"FAQ"},"content":{"rendered":"<h4 class=\"wp-block-heading\"><\/h4>\n\n\n\n<div style=\"height:26px\" aria-hidden=\"true\" class=\"wp-block-spacer\"><\/div>\n\n\n\n<h4 class=\"wp-block-heading\">Wie viel Platz sollte vor meinen Zehen sein?<\/h4>\n\n\n\n<p>Ich f\u00fcge so viel Platz vor Deinen Zehen hinzu, wie Du m\u00f6chtest.<br>F\u00fcr \u00e4ltere Kinder, die nicht stolpern, wenn sie etwas gr\u00f6\u00dfere Schuhe tragen, habe ich vorne auch bis zu 18 mm hinzugef\u00fcgt.<br>Wenn Du nicht wei\u00dft, wie viel zus\u00e4tzlichen Platz Du ben\u00f6tigst, empfehle ich, dass wir das beim Ma\u00dfnehmen zusammen entscheiden - je nach Modell und Gewohnheiten oder Deinem Gang.<\/p>\n\n\n\n<p><\/p>\n\n\n\n<div style=\"height:26px\" aria-hidden=\"true\" class=\"wp-block-spacer\"><\/div>\n\n\n\n<h4 class=\"wp-block-heading\">Wie kommen die unterschiedlichen Formen der Schuhe im Zehenbereich zustande?<\/h4>\n\n\n\n<p>Jeder Mensch hat eine einzigartige Fingerform. Bei manchen Menschen ist der gro\u00dfe Zeh am l\u00e4ngsten, bei anderen ist es der zweite Zeh. Bei anderen sind fast alle Zehen gleich lang, au\u00dfer dem kleinen Zeh. Normalerweise f\u00fcge ich vor jedem Zeh gleich viel Platz hinzu, wie auf den Bildern zu sehen ist. Ich passe mich auch den individuellen W\u00fcnschen an.<\/p>\n\n\n\n<div style=\"height:38px\" aria-hidden=\"true\" class=\"wp-block-spacer\"><\/div>\n\n\n\n<div class=\"wp-block-columns is-layout-flex wp-container-core-columns-is-layout-9d6595d7 wp-block-columns-is-layout-flex\">\n<div class=\"wp-block-column is-layout-flow wp-block-column-is-layout-flow\" style=\"flex-basis:100%\">\n<div class=\"wp-block-columns is-layout-flex wp-container-core-columns-is-layout-9d6595d7 wp-block-columns-is-layout-flex\">\n<div class=\"wp-block-column is-layout-flow wp-block-column-is-layout-flow\" style=\"flex-basis:25%\"><\/div>\n\n\n\n<div class=\"wp-block-column is-layout-flow wp-block-column-is-layout-flow\" style=\"flex-basis:50%\">\n<div class=\"wp-block-columns is-layout-flex wp-container-core-columns-is-layout-9d6595d7 wp-block-columns-is-layout-flex\">\n<div class=\"wp-block-column is-layout-flow wp-block-column-is-layout-flow\">\n<figure class=\"wp-block-image size-full\"><img fetchpriority=\"high\" decoding=\"async\" width=\"700\" height=\"1000\" src=\"https:\/\/www.juliasminimals.com\/wp-content\/uploads\/2022\/05\/Klemenova-noga3.jpg\" alt=\"\" class=\"wp-image-841\" srcset=\"https:\/\/www.juliasminimals.com\/wp-content\/uploads\/2022\/05\/Klemenova-noga3.jpg 700w, https:\/\/www.juliasminimals.com\/wp-content\/uploads\/2022\/05\/Klemenova-noga3-210x300.jpg 210w\" sizes=\"(max-width: 700px) 100vw, 700px\" \/><\/figure>\n<\/div>\n\n\n\n<div class=\"wp-block-column is-layout-flow wp-block-column-is-layout-flow\">\n<figure class=\"wp-block-image size-full\"><img decoding=\"async\" width=\"700\" height=\"1000\" src=\"https:\/\/www.juliasminimals.com\/wp-content\/uploads\/2022\/05\/Metina-noga6.jpg\" alt=\"\" class=\"wp-image-843\" srcset=\"https:\/\/www.juliasminimals.com\/wp-content\/uploads\/2022\/05\/Metina-noga6.jpg 700w, https:\/\/www.juliasminimals.com\/wp-content\/uploads\/2022\/05\/Metina-noga6-210x300.jpg 210w\" sizes=\"(max-width: 700px) 100vw, 700px\" \/><\/figure>\n<\/div>\n<\/div>\n<\/div>\n\n\n\n<div class=\"wp-block-column is-layout-flow wp-block-column-is-layout-flow\" style=\"flex-basis:25%\"><\/div>\n<\/div>\n<\/div>\n<\/div>","protected":false},"excerpt":{"rendered":"<p>Koliko prostora mora biti pred prsti? Pred prsti dodam toliko prostora, kot si \u017eelite.Za starej\u0161e otroke, ki se ne spotikajo, \u010de nosijo malo ve\u010dje \u010devlje, sem dodala tudi \u017ee do 18mm spredaj.\u010ce pa ne veste, koliko dodatnega prostora rabite, priporo\u010dam, da se dogovorimo individualno &#8211; glede na model in navade oziroma hoje stranke. Kako pride do razli\u010dnih oblik \u010devljev v prstnem delu? Vsak \u010dlovek ima edinstveno obliko prstov. Pri enih&hellip;<\/p>","protected":false},"author":1,"featured_media":0,"parent":5,"menu_order":4,"comment_status":"closed","ping_status":"closed","template":"","meta":{"footnotes":""},"class_list":["post-465","page","type-page","status-publish","hentry"],"_links":{"self":[{"href":"https:\/\/www.juliasminimals.com\/de\/wp-json\/wp\/v2\/pages\/465","targetHints":{"allow":["GET"]}}],"collection":[{"href":"https:\/\/www.juliasminimals.com\/de\/wp-json\/wp\/v2\/pages"}],"about":[{"href":"https:\/\/www.juliasminimals.com\/de\/wp-json\/wp\/v2\/types\/page"}],"author":[{"embeddable":true,"href":"https:\/\/www.juliasminimals.com\/de\/wp-json\/wp\/v2\/users\/1"}],"replies":[{"embeddable":true,"href":"https:\/\/www.juliasminimals.com\/de\/wp-json\/wp\/v2\/comments?post=465"}],"version-history":[{"count":22,"href":"https:\/\/www.juliasminimals.com\/de\/wp-json\/wp\/v2\/pages\/465\/revisions"}],"predecessor-version":[{"id":1632,"href":"https:\/\/www.juliasminimals.com\/de\/wp-json\/wp\/v2\/pages\/465\/revisions\/1632"}],"up":[{"embeddable":true,"href":"https:\/\/www.juliasminimals.com\/de\/wp-json\/wp\/v2\/pages\/5"}],"wp:attachment":[{"href":"https:\/\/www.juliasminimals.com\/de\/wp-json\/wp\/v2\/media?parent=465"}],"curies":[{"name":"wp","href":"https:\/\/api.w.org\/{rel}","templated":true}]}}