{"id":491,"date":"2022-05-07T05:26:55","date_gmt":"2022-05-07T05:26:55","guid":{"rendered":"http:\/\/www.juliasminimals.com\/?page_id=491"},"modified":"2025-08-14T15:48:29","modified_gmt":"2025-08-14T15:48:29","slug":"model-no-name","status":"publish","type":"page","link":"https:\/\/www.juliasminimals.com\/de\/model-no-name\/","title":{"rendered":"Model &#8220;Ladymal&#8221;"},"content":{"rendered":"<div class=\"wp-block-columns is-layout-flex wp-container-core-columns-is-layout-9d6595d7 wp-block-columns-is-layout-flex\">\n<div class=\"wp-block-column is-layout-flow wp-block-column-is-layout-flow\" style=\"flex-basis:50%\">\n<figure class=\"wp-block-image size-large\"><img fetchpriority=\"high\" decoding=\"async\" width=\"1024\" height=\"576\" src=\"https:\/\/www.juliasminimals.com\/wp-content\/uploads\/2022\/05\/signal-2021-09-06-1250591-2-1024x576.jpg\" alt=\"\" class=\"wp-image-602\" srcset=\"https:\/\/www.juliasminimals.com\/wp-content\/uploads\/2022\/05\/signal-2021-09-06-1250591-2-1024x576.jpg 1024w, https:\/\/www.juliasminimals.com\/wp-content\/uploads\/2022\/05\/signal-2021-09-06-1250591-2-300x169.jpg 300w, https:\/\/www.juliasminimals.com\/wp-content\/uploads\/2022\/05\/signal-2021-09-06-1250591-2-768x432.jpg 768w, https:\/\/www.juliasminimals.com\/wp-content\/uploads\/2022\/05\/signal-2021-09-06-1250591-2-1536x864.jpg 1536w, https:\/\/www.juliasminimals.com\/wp-content\/uploads\/2022\/05\/signal-2021-09-06-1250591-2.jpg 1600w\" sizes=\"(max-width: 1024px) 100vw, 1024px\" \/><\/figure>\n<\/div>\n\n\n\n<div class=\"wp-block-column is-layout-flow wp-block-column-is-layout-flow\" style=\"flex-basis:50%\">\n<p class=\"has-medium-font-size\"><strong>Materialien:<\/strong><\/p>\n\n\n\n<div style=\"height:16px\" aria-hidden=\"true\" class=\"wp-block-spacer\"><\/div>\n\n\n\n<p>V kratkem bo na voljo tudi naravna alternativa usnju Pinatex.<\/p>\n\n\n\n<p><em><strong>zgornji material<\/strong><\/em>: kovencionalno strojeno usnje ali naravno strojeno usnje<br><em><strong>notranji material<\/strong><\/em>: naravno strojeno usnje, po \u017eelji lahko tudi tanek volneni filc (100% volna)<br><em><strong>notranji podplat<\/strong><\/em>: naravno strojeno usnje ali pluta<strong><br><\/strong><em><strong>podplat<\/strong><\/em>: 4 mm Vibram\u00ae, po \u017eelji je lahko tudi 1 mm ali 6 mm Vibram\u00ae<\/p>\n\n\n\n<div style=\"height:16px\" aria-hidden=\"true\" class=\"wp-block-spacer\"><\/div>\n\n\n\n<p class=\"has-black-color has-text-color has-background\" style=\"background-color:#d0d0d0;font-size:15px\"><strong><em>Preis<\/em><\/strong> otroci<strong> 75 \u20ac*, <\/strong><\/p>\n\n\n\n<p class=\"has-black-color has-text-color has-background has-link-color wp-elements-7d4e0732d220d1ec869606485cf4d00c\" style=\"background-color:#c0c0c0;font-size:15px\"><strong>Preis<\/strong> odrasli<strong> 130 \u20ac<\/strong><\/p>\n\n\n\n<p>* dokler jim raste noga<\/p>\n\n\n\n<div style=\"height:26px\" aria-hidden=\"true\" class=\"wp-block-spacer\"><\/div>\n\n\n\n<p class=\"has-text-align-center has-black-color has-text-color has-background has-medium-font-size\" style=\"background-color:#f18544\"><strong><a href=\"https:\/\/www.juliasminimals.com\/de\/postopek-narocila\/\">Wie kann ich bestellen?<\/a><\/strong><\/p>\n\n\n\n<div style=\"height:0px\" aria-hidden=\"true\" class=\"wp-block-spacer\"><\/div>\n<\/div>\n<\/div>\n\n\n\n<figure class=\"wp-block-gallery has-nested-images columns-default is-cropped wp-block-gallery-1 is-layout-flex wp-block-gallery-is-layout-flex\">\n<figure class=\"wp-block-image size-large\"><a href=\"https:\/\/www.juliasminimals.com\/wp-content\/uploads\/2022\/05\/20210717_144101-2-scaled.jpg\"><img decoding=\"async\" width=\"1024\" height=\"768\" data-id=\"603\" src=\"https:\/\/www.juliasminimals.com\/wp-content\/uploads\/2022\/05\/20210717_144101-2-1024x768.jpg\" alt=\"\" class=\"wp-image-603\" srcset=\"https:\/\/www.juliasminimals.com\/wp-content\/uploads\/2022\/05\/20210717_144101-2-1024x768.jpg 1024w, https:\/\/www.juliasminimals.com\/wp-content\/uploads\/2022\/05\/20210717_144101-2-300x225.jpg 300w, https:\/\/www.juliasminimals.com\/wp-content\/uploads\/2022\/05\/20210717_144101-2-768x576.jpg 768w, https:\/\/www.juliasminimals.com\/wp-content\/uploads\/2022\/05\/20210717_144101-2-1536x1152.jpg 1536w, https:\/\/www.juliasminimals.com\/wp-content\/uploads\/2022\/05\/20210717_144101-2-2048x1536.jpg 2048w\" sizes=\"(max-width: 1024px) 100vw, 1024px\" \/><\/a><\/figure>\n<\/figure>\n\n\n\n<div style=\"height:26px\" aria-hidden=\"true\" class=\"wp-block-spacer\"><\/div>\n\n\n\n<h3 class=\"wp-block-heading has-text-align-center has-large-font-size\">Farben<\/h3>\n\n\n\n<figure class=\"wp-block-gallery has-nested-images columns-default is-cropped wp-block-gallery-2 is-layout-flex wp-block-gallery-is-layout-flex\">\n<figure class=\"wp-block-image size-large\"><a href=\"https:\/\/www.juliasminimals.com\/wp-content\/uploads\/2022\/05\/Usnje.jpg\"><img decoding=\"async\" width=\"870\" height=\"1024\" data-id=\"997\" src=\"https:\/\/www.juliasminimals.com\/wp-content\/uploads\/2022\/05\/Usnje-870x1024.jpg\" alt=\"\" class=\"wp-image-997\" srcset=\"https:\/\/www.juliasminimals.com\/wp-content\/uploads\/2022\/05\/Usnje-870x1024.jpg 870w, https:\/\/www.juliasminimals.com\/wp-content\/uploads\/2022\/05\/Usnje-255x300.jpg 255w, https:\/\/www.juliasminimals.com\/wp-content\/uploads\/2022\/05\/Usnje-768x904.jpg 768w, https:\/\/www.juliasminimals.com\/wp-content\/uploads\/2022\/05\/Usnje.jpg 1133w\" sizes=\"(max-width: 870px) 100vw, 870px\" \/><\/a><\/figure>\n\n\n\n<figure class=\"wp-block-image size-large\"><a href=\"https:\/\/www.juliasminimals.com\/wp-content\/uploads\/2022\/05\/Bombaz-platno.jpg\"><img loading=\"lazy\" decoding=\"async\" width=\"870\" height=\"1024\" data-id=\"863\" src=\"https:\/\/www.juliasminimals.com\/wp-content\/uploads\/2022\/05\/Bombaz-platno-870x1024.jpg\" alt=\"\" class=\"wp-image-863\" srcset=\"https:\/\/www.juliasminimals.com\/wp-content\/uploads\/2022\/05\/Bombaz-platno-870x1024.jpg 870w, https:\/\/www.juliasminimals.com\/wp-content\/uploads\/2022\/05\/Bombaz-platno-255x300.jpg 255w, https:\/\/www.juliasminimals.com\/wp-content\/uploads\/2022\/05\/Bombaz-platno-768x904.jpg 768w, https:\/\/www.juliasminimals.com\/wp-content\/uploads\/2022\/05\/Bombaz-platno.jpg 1133w\" sizes=\"(max-width: 870px) 100vw, 870px\" \/><\/a><\/figure>\n\n\n\n<figure class=\"wp-block-image size-large\"><a href=\"https:\/\/www.juliasminimals.com\/wp-content\/uploads\/2022\/05\/Usnje-naravno.jpg\"><img loading=\"lazy\" decoding=\"async\" width=\"870\" height=\"1024\" data-id=\"865\" src=\"https:\/\/www.juliasminimals.com\/wp-content\/uploads\/2022\/05\/Usnje-naravno-870x1024.jpg\" alt=\"\" class=\"wp-image-865\" srcset=\"https:\/\/www.juliasminimals.com\/wp-content\/uploads\/2022\/05\/Usnje-naravno-870x1024.jpg 870w, https:\/\/www.juliasminimals.com\/wp-content\/uploads\/2022\/05\/Usnje-naravno-255x300.jpg 255w, https:\/\/www.juliasminimals.com\/wp-content\/uploads\/2022\/05\/Usnje-naravno-768x904.jpg 768w, https:\/\/www.juliasminimals.com\/wp-content\/uploads\/2022\/05\/Usnje-naravno.jpg 1133w\" sizes=\"(max-width: 870px) 100vw, 870px\" \/><\/a><\/figure>\n<\/figure>\n\n\n\n<p>*Manj\u0161i krogi ozna\u010dujejo barve, ki jih ni veliko na zalogi &#8211; primerne so torej bolj za sandale, manj\u0161e \u010devlje oziroma dele \u010devlja v kombinaciji s kak\u0161no drugo barvo. Ve\u010dji krogi pa ozna\u010dujejo barve, ki jih je \u0161e ve\u010d kot dovolj<\/p>","protected":false},"excerpt":{"rendered":"<p>Materiali: V kratkem bo na voljo tudi naravna alternativa usnju Pinatex. zgornji material: kovencionalno strojeno usnje ali naravno strojeno usnjenotranji material: naravno strojeno usnje, po \u017eelji lahko tudi tanek volneni filc (100% volna)notranji podplat: naravno strojeno usnje ali plutapodplat: 4 mm Vibram\u00ae, po \u017eelji je lahko tudi 1 mm ali 6 mm Vibram\u00ae Cena: otroci 75 \u20ac*, Cena: odrasli 130 \u20ac * dokler jim raste noga Postopek naro\u010dila Barve *Manj\u0161i&hellip;<\/p>","protected":false},"author":1,"featured_media":0,"parent":0,"menu_order":0,"comment_status":"closed","ping_status":"closed","template":"","meta":{"footnotes":""},"class_list":["post-491","page","type-page","status-publish","hentry"],"_links":{"self":[{"href":"https:\/\/www.juliasminimals.com\/de\/wp-json\/wp\/v2\/pages\/491","targetHints":{"allow":["GET"]}}],"collection":[{"href":"https:\/\/www.juliasminimals.com\/de\/wp-json\/wp\/v2\/pages"}],"about":[{"href":"https:\/\/www.juliasminimals.com\/de\/wp-json\/wp\/v2\/types\/page"}],"author":[{"embeddable":true,"href":"https:\/\/www.juliasminimals.com\/de\/wp-json\/wp\/v2\/users\/1"}],"replies":[{"embeddable":true,"href":"https:\/\/www.juliasminimals.com\/de\/wp-json\/wp\/v2\/comments?post=491"}],"version-history":[{"count":19,"href":"https:\/\/www.juliasminimals.com\/de\/wp-json\/wp\/v2\/pages\/491\/revisions"}],"predecessor-version":[{"id":1740,"href":"https:\/\/www.juliasminimals.com\/de\/wp-json\/wp\/v2\/pages\/491\/revisions\/1740"}],"wp:attachment":[{"href":"https:\/\/www.juliasminimals.com\/de\/wp-json\/wp\/v2\/media?parent=491"}],"curies":[{"name":"wp","href":"https:\/\/api.w.org\/{rel}","templated":true}]}}