{"id":9,"date":"2022-04-28T12:48:10","date_gmt":"2022-04-28T12:48:10","guid":{"rendered":"http:\/\/www.juliasminimals.com\/?page_id=9"},"modified":"2025-08-14T14:30:40","modified_gmt":"2025-08-14T14:30:40","slug":"postopek-narocila","status":"publish","type":"page","link":"https:\/\/www.juliasminimals.com\/de\/gutenberg-home\/postopek-narocila\/","title":{"rendered":"Wie kann ich bestellen?"},"content":{"rendered":"<div class=\"wp-block-columns is-layout-flex wp-container-core-columns-is-layout-9d6595d7 wp-block-columns-is-layout-flex\">\n<div class=\"wp-block-column is-layout-flow wp-block-column-is-layout-flow\" style=\"flex-basis:25%\"><\/div>\n\n\n\n<div class=\"wp-block-column is-layout-flow wp-block-column-is-layout-flow\" style=\"flex-basis:50%\">\n<ol class=\"wp-block-list\"><li><strong>W\u00e4hle<\/strong>&nbsp;ein Modell und Farben, die in Betracht kommen.<\/li><li><strong>Schicke<\/strong> mir eine Anfrage und warte auf meine Anwort bez\u00fcglich der Zeit zur Herstellung und des Termines zum Ma\u00dfnehmen.<\/li><li><strong>Termin<\/strong>, bei dem ich Deinen Fu\u00df vermesse, denn ich brauche mehr als nur die Umrisse. Du w\u00e4hlst die genaue Farbe und das Material, und wir besprechen zus\u00e4tzlichen Vorlieben und Details f\u00fcr individuelle Barfu\u00dfschuhe. Vorauszahlung f\u00fcr das Material.<\/li><li><strong>Die Herstellung<\/strong> der Schuhe<\/li><li><strong>Abholung <\/strong>entweder in Person oder per Post<\/li><\/ol>\n<\/div>\n\n\n\n<div class=\"wp-block-column is-layout-flow wp-block-column-is-layout-flow\" style=\"flex-basis:25%\"><\/div>\n<\/div>\n\n\n\n<p><\/p>\n\n\n\n<div class=\"wp-block-columns is-layout-flex wp-container-core-columns-is-layout-9d6595d7 wp-block-columns-is-layout-flex\">\n<div class=\"wp-block-column is-layout-flow wp-block-column-is-layout-flow\"><\/div>\n\n\n\n<div class=\"wp-block-column is-layout-flow wp-block-column-is-layout-flow\">\n<div class=\"wp-block-contact-form-7-contact-form-selector\">\n<div class=\"wpcf7 no-js\" id=\"wpcf7-f25-o1\" lang=\"en-US\" dir=\"ltr\" data-wpcf7-id=\"25\">\n<div class=\"screen-reader-response\"><p role=\"status\" aria-live=\"polite\" aria-atomic=\"true\"><\/p> <ul><\/ul><\/div>\n<form action=\"\/wp-json\/wp\/v2\/pages\/9\" method=\"post\" class=\"wpcf7-form init\" aria-label=\"Contact form\" novalidate=\"novalidate\" data-status=\"init\" data-trp-original-action=\"\/de\/wp-json\/wp\/v2\/pages\/9#wpcf7-f25-o1\">\n<fieldset class=\"hidden-fields-container\"><input type=\"hidden\" name=\"_wpcf7\" value=\"25\" \/><input type=\"hidden\" name=\"_wpcf7_version\" value=\"6.1.2\" \/><input type=\"hidden\" name=\"_wpcf7_locale\" value=\"en_US\" \/><input type=\"hidden\" name=\"_wpcf7_unit_tag\" value=\"wpcf7-f25-o1\" \/><input type=\"hidden\" name=\"_wpcf7_container_post\" value=\"0\" \/><input type=\"hidden\" name=\"_wpcf7_posted_data_hash\" value=\"\" \/>\n<\/fieldset>\n<p><label> Name<br \/>\n<span class=\"wpcf7-form-control-wrap\" data-name=\"your-name\"><input size=\"40\" maxlength=\"400\" class=\"wpcf7-form-control wpcf7-text wpcf7-validates-as-required\" aria-required=\"true\" aria-invalid=\"false\" value=\"\" type=\"text\" name=\"your-name\" \/><\/span> <\/label>\n<\/p>\n<p><label> E-mail<br \/>\n<span class=\"wpcf7-form-control-wrap\" data-name=\"your-email\"><input size=\"40\" maxlength=\"400\" class=\"wpcf7-form-control wpcf7-email wpcf7-validates-as-required wpcf7-text wpcf7-validates-as-email\" aria-required=\"true\" aria-invalid=\"false\" value=\"\" type=\"email\" name=\"your-email\" \/><\/span> <\/label>\n<\/p>\n<p><label> Nachricht<br \/>\n<span class=\"wpcf7-form-control-wrap\" data-name=\"your-message\"><textarea cols=\"40\" rows=\"10\" maxlength=\"2000\" class=\"wpcf7-form-control wpcf7-textarea\" aria-invalid=\"false\" name=\"your-message\"><\/textarea><\/span> <\/label>\n<\/p>\n<p><div id=\"cf7sr-69e8cf317d8b3\" class=\"cf7sr-g-recaptcha\" data-theme=\"light\" data-type=\"image\" data-size=\"normal\" data-sitekey=\"6LcLy98nAAAAAEud7ZEtwYNkuc8Ebi6Y-ZpS-2V6\"><\/div><span class=\"wpcf7-form-control-wrap cf7sr-recaptcha\" data-name=\"cf7sr-recaptcha\"><input type=\"hidden\" name=\"cf7sr-recaptcha\" value=\"\" class=\"wpcf7-form-control\"><\/span>\n<\/p>\n<p><input class=\"wpcf7-form-control wpcf7-submit has-spinner\" type=\"submit\" value=\"Senden\" \/>\n<\/p><div class=\"wpcf7-response-output\" aria-hidden=\"true\"><\/div>\n<input type=\"hidden\" name=\"trp-form-language\" value=\"de\"\/><\/form>\n<\/div>\n<\/div>\n<\/div>\n\n\n\n<div class=\"wp-block-column is-layout-flow wp-block-column-is-layout-flow\">\n<figure class=\"wp-block-image size-full\"><img fetchpriority=\"high\" decoding=\"async\" width=\"668\" height=\"1000\" src=\"https:\/\/www.juliasminimals.com\/wp-content\/uploads\/2022\/05\/DSC_8225-e1653769992549.jpg\" alt=\"\" class=\"wp-image-915\" srcset=\"https:\/\/www.juliasminimals.com\/wp-content\/uploads\/2022\/05\/DSC_8225-e1653769992549.jpg 668w, https:\/\/www.juliasminimals.com\/wp-content\/uploads\/2022\/05\/DSC_8225-e1653769992549-200x300.jpg 200w\" sizes=\"(max-width: 668px) 100vw, 668px\" \/><\/figure>\n<\/div>\n\n\n\n<div class=\"wp-block-column is-layout-flow wp-block-column-is-layout-flow\"><\/div>\n<\/div>","protected":false},"excerpt":{"rendered":"<p>Izbere\u0161&nbsp;model&nbsp;\u010devlja, material in (okvirne) barve. Po\u0161lje\u0161 povpra\u0161evanje in po\u010daka\u0161 na odgovor glede roka izdelave in dogovor o sre\u010danju. Sre\u010danje, na katerem vzamem mere va\u0161ega stopala, ker potrebujem ve\u010d kot samo obris noge. Izberete to\u010dno barvo in material, pogovorimo se \u0161e o va\u0161ih dodatnih \u017eeljah in podrobnostih glede bosonoge obutve po meri. Predpla\u010dilo za material. Izdelava obutve Prevzem \u2013 lahko osebno ali po po\u0161ti, in pla\u010dilo.<\/p>","protected":false},"author":1,"featured_media":0,"parent":5,"menu_order":2,"comment_status":"closed","ping_status":"closed","template":"","meta":{"footnotes":""},"class_list":["post-9","page","type-page","status-publish","hentry"],"_links":{"self":[{"href":"https:\/\/www.juliasminimals.com\/de\/wp-json\/wp\/v2\/pages\/9","targetHints":{"allow":["GET"]}}],"collection":[{"href":"https:\/\/www.juliasminimals.com\/de\/wp-json\/wp\/v2\/pages"}],"about":[{"href":"https:\/\/www.juliasminimals.com\/de\/wp-json\/wp\/v2\/types\/page"}],"author":[{"embeddable":true,"href":"https:\/\/www.juliasminimals.com\/de\/wp-json\/wp\/v2\/users\/1"}],"replies":[{"embeddable":true,"href":"https:\/\/www.juliasminimals.com\/de\/wp-json\/wp\/v2\/comments?post=9"}],"version-history":[{"count":38,"href":"https:\/\/www.juliasminimals.com\/de\/wp-json\/wp\/v2\/pages\/9\/revisions"}],"predecessor-version":[{"id":948,"href":"https:\/\/www.juliasminimals.com\/de\/wp-json\/wp\/v2\/pages\/9\/revisions\/948"}],"up":[{"embeddable":true,"href":"https:\/\/www.juliasminimals.com\/de\/wp-json\/wp\/v2\/pages\/5"}],"wp:attachment":[{"href":"https:\/\/www.juliasminimals.com\/de\/wp-json\/wp\/v2\/media?parent=9"}],"curies":[{"name":"wp","href":"https:\/\/api.w.org\/{rel}","templated":true}]}}